{"id":173,"date":"2019-02-02T15:35:58","date_gmt":"2019-02-02T14:35:58","guid":{"rendered":"https:\/\/avallon-morvan-peche.fr\/?page_id=173"},"modified":"2021-12-29T11:51:41","modified_gmt":"2021-12-29T10:51:41","slug":"ou-pecher","status":"publish","type":"page","link":"https:\/\/avallon-morvan-peche.fr\/index.php\/ou-pecher\/","title":{"rendered":"O\u00f9 p\u00eacher"},"content":{"rendered":"\n<p>L\u2019association Avallon Morvan pour la P\u00eache g\u00e8re pour vous un vaste domaine de p\u00eache encore parfaitement pr\u00e9serv\u00e9&nbsp;:<\/p>\n\n\n\n<ul><li>Plus de 80 kms de rivi\u00e8res et de torrents comme la Cure et le Cousin, o\u00f9 la truite fario r\u00e8gne en ma\u00eetresse des lieux,<\/li><li>2 \u00e9tangs propices \u00e0 la p\u00eache d\u00e9tente en famille ou entre amis \u00e0 Marrault et Girolles,<\/li><li>Le r\u00e9servoir du Griottier Blanc pour les passionn\u00e9s de p\u00eache \u00e0 la mouche,<\/li><li>Le magnifique Lac du Crescent, paradis des p\u00eacheurs de carnassiers et des carpistes,<\/li><li>Le petit \u00e9tang de Fontenay-pr\u00e8s -V\u00e9zelay class\u00e9 en 1 \u00e8re cat\u00e9gorie.<\/li><\/ul>\n\n\n\n<figure class=\"wp-block-image\"><img src=\"https:\/\/avallon-morvan-peche.fr\/wp-content\/uploads\/2019\/02\/domaine-piscicole-avallon-1-720x1024.png\" alt=\"\" class=\"wp-image-205\"\/><figcaption>Carte du domaine de p\u00eache g\u00e9r\u00e9 par l&rsquo;association<\/figcaption><\/figure>\n\n\n\n<figure class=\"wp-block-gallery columns-1 is-cropped\"><ul class=\"blocks-gallery-grid\"><li class=\"blocks-gallery-item\"><figure><img loading=\"lazy\" width=\"814\" height=\"1024\" src=\"https:\/\/avallon-morvan-peche.fr\/wp-content\/uploads\/2021\/12\/Avallon2-3-814x1024.png\" alt=\"\" data-id=\"598\" data-full-url=\"https:\/\/avallon-morvan-peche.fr\/wp-content\/uploads\/2021\/12\/Avallon2-3.png\" data-link=\"https:\/\/avallon-morvan-peche.fr\/index.php\/ou-pecher\/avallon2-3\/\" class=\"wp-image-598\" srcset=\"https:\/\/avallon-morvan-peche.fr\/wp-content\/uploads\/2021\/12\/Avallon2-3-814x1024.png 814w, https:\/\/avallon-morvan-peche.fr\/wp-content\/uploads\/2021\/12\/Avallon2-3-238x300.png 238w, https:\/\/avallon-morvan-peche.fr\/wp-content\/uploads\/2021\/12\/Avallon2-3-768x966.png 768w, https:\/\/avallon-morvan-peche.fr\/wp-content\/uploads\/2021\/12\/Avallon2-3-1221x1536.png 1221w, https:\/\/avallon-morvan-peche.fr\/wp-content\/uploads\/2021\/12\/Avallon2-3-655x824.png 655w, https:\/\/avallon-morvan-peche.fr\/wp-content\/uploads\/2021\/12\/Avallon2-3.png 1240w\" sizes=\"(max-width: 814px) 100vw, 814px\" \/><\/figure><\/li><\/ul><\/figure>\n\n\n\n<p> <strong>Pour tout savoir sur la P\u00eache dans le d\u00e9partement de l&rsquo;Yonne<\/strong>, cliquer sur le lien suivant :<\/p>\n\n\n\n<p><a href=\"https:\/\/fr.calameo.com\/read\/0030094783f81ef6458bf\">https:\/\/fr.calameo.com\/read\/0030094783f81ef6458bf <\/a><\/p>\n\n\n\n<figure class=\"wp-block-image is-resized\"><img loading=\"lazy\" src=\"https:\/\/www.federation-peche-yonne.fr\/galerie\/ce8f28d8a8fd.jpg\" alt=\"\" width=\"530\" height=\"747\"\/><\/figure>\n\n\n\n<p><\/p>\n\n\n\n<p><\/p>\n\n\n\n<figure class=\"wp-block-embed is-type-wp-embed is-provider-calameo wp-block-embed-calameo\"><div class=\"wp-block-embed__wrapper\">\n<iframe class=\"wp-embedded-content\" sandbox=\"allow-scripts\" security=\"restricted\" title=\"Guide 2022 de la p\u00eache dans l&#039;Yonne\" src=\"\/\/v.calameo.com\/?bkcode=0030094783f81ef6458bf#?secret=IsiRzIH5cM\" data-secret=\"IsiRzIH5cM\" width=\"1429\" height=\"1000\" frameborder=\"0\" scrolling=\"no\"><\/iframe>\n<\/div><\/figure>\n\n\n\n<figure class=\"wp-block-embed is-type-wp-embed is-provider-calameo wp-block-embed-calameo\"><div class=\"wp-block-embed__wrapper\">\n<iframe class=\"wp-embedded-content\" sandbox=\"allow-scripts\" security=\"restricted\" title=\"Guide 2022 de la p\u00eache dans l&#039;Yonne\" src=\"\/\/v.calameo.com\/?bkcode=0030094783f81ef6458bf#?secret=IsiRzIH5cM\" data-secret=\"IsiRzIH5cM\" width=\"1429\" height=\"1000\" frameborder=\"0\" scrolling=\"no\"><\/iframe>\n<\/div><\/figure>\n","protected":false},"excerpt":{"rendered":"<p>L\u2019association Avallon Morvan pour la P\u00eache g\u00e8re pour vous un vaste domaine de p\u00eache encore parfaitement pr\u00e9serv\u00e9&nbsp;: Plus de 80 kms de rivi\u00e8res et de torrents comme la Cure et le Cousin, o\u00f9 la truite&#8230;<\/p>\n","protected":false},"author":1,"featured_media":0,"parent":0,"menu_order":0,"comment_status":"closed","ping_status":"closed","template":"","meta":[],"_links":{"self":[{"href":"https:\/\/avallon-morvan-peche.fr\/index.php\/wp-json\/wp\/v2\/pages\/173"}],"collection":[{"href":"https:\/\/avallon-morvan-peche.fr\/index.php\/wp-json\/wp\/v2\/pages"}],"about":[{"href":"https:\/\/avallon-morvan-peche.fr\/index.php\/wp-json\/wp\/v2\/types\/page"}],"author":[{"embeddable":true,"href":"https:\/\/avallon-morvan-peche.fr\/index.php\/wp-json\/wp\/v2\/users\/1"}],"replies":[{"embeddable":true,"href":"https:\/\/avallon-morvan-peche.fr\/index.php\/wp-json\/wp\/v2\/comments?post=173"}],"version-history":[{"count":16,"href":"https:\/\/avallon-morvan-peche.fr\/index.php\/wp-json\/wp\/v2\/pages\/173\/revisions"}],"predecessor-version":[{"id":599,"href":"https:\/\/avallon-morvan-peche.fr\/index.php\/wp-json\/wp\/v2\/pages\/173\/revisions\/599"}],"wp:attachment":[{"href":"https:\/\/avallon-morvan-peche.fr\/index.php\/wp-json\/wp\/v2\/media?parent=173"}],"curies":[{"name":"wp","href":"https:\/\/api.w.org\/{rel}","templated":true}]}}