{"id":33,"date":"2018-11-23T18:17:16","date_gmt":"2018-11-23T17:17:16","guid":{"rendered":"http:\/\/avallon-morvan-peche.fr\/?page_id=33"},"modified":"2021-02-27T19:36:40","modified_gmt":"2021-02-27T18:36:40","slug":"la-cure","status":"publish","type":"page","link":"https:\/\/avallon-morvan-peche.fr\/index.php\/la-cure\/","title":{"rendered":"La Cure"},"content":{"rendered":"\n<p>La Cure est LA\nrivi\u00e8re du Morvan. Principal affluent de l\u2019Yonne, elle est longue de 112 kms et\nprend sa source en amont du lac des Settons sur la commune d\u2019Anost. Rivi\u00e8re aux\neaux brunes de type granitique, elle s&rsquo;\u00e9coule dans une magnifique vall\u00e9e bois\u00e9e\net encaiss\u00e9e. Elle entre dans le d\u00e9partement de l\u2019Yonne au niveau de\nQuarr\u00e9-les-Tombes et traverse l\u2019Avallonnais en passant sous les ponts de\nPierre-Perthuis et au pied de la colline de V\u00e9zelay. La truite fario est la\nreine des lieux et est abondante sur l\u2019ensemble de son parcours. Toutes les techniques\nde p\u00eache se pr\u00eatent \u00e0 sa traque. Alors amis p\u00eacheurs&nbsp;: \u00e0 vos gaules,\npr\u00eats, p\u00eachez&nbsp;!<\/p>\n\n\n\n<figure class=\"wp-block-image\"><img loading=\"lazy\" width=\"1024\" height=\"576\" src=\"https:\/\/avallon-morvan-peche.fr\/wp-content\/uploads\/2019\/01\/20180901_193828-e1548865897525-1024x576.jpg\" alt=\"\" class=\"wp-image-118\" srcset=\"https:\/\/avallon-morvan-peche.fr\/wp-content\/uploads\/2019\/01\/20180901_193828-e1548865897525-1024x576.jpg 1024w, https:\/\/avallon-morvan-peche.fr\/wp-content\/uploads\/2019\/01\/20180901_193828-e1548865897525-300x169.jpg 300w, https:\/\/avallon-morvan-peche.fr\/wp-content\/uploads\/2019\/01\/20180901_193828-e1548865897525-768x432.jpg 768w, https:\/\/avallon-morvan-peche.fr\/wp-content\/uploads\/2019\/01\/20180901_193828-e1548865897525-655x368.jpg 655w\" sizes=\"(max-width: 1024px) 100vw, 1024px\" \/><figcaption>Truite de la Cure<\/figcaption><\/figure>\n\n\n\n<h4> <br><strong>La haute Cure<\/strong> <\/h4>\n\n\n\n<p>Le parcours d\u00e9bute 650 m en amont du pont du Vieux Dun (entre Quarr\u00e9-les-Tombes et Dun-les-Places) et s&rsquo;ach\u00e8ve en amont du r\u00e9servoir du Crescent. La rivi\u00e8re ne d\u00e9passe pas une quinzaine de m\u00e8tres de largeur mais offre un magnifique parcours vari\u00e9, alternant calmes et rapides, entrecoup\u00e9s de nombreuses cascades. La rivi\u00e8re abrite une belle population de truites sauvages dont la taille moyenne se situe entre 20 et 30 cm. Parcours exceptionnel \u00e0 d\u00e9couvrir absolument<\/p>\n\n\n\n<figure class=\"wp-block-image\"><img loading=\"lazy\" width=\"1024\" height=\"681\" src=\"https:\/\/avallon-morvan-peche.fr\/wp-content\/uploads\/2019\/01\/DSC_0218-1024x681.jpg\" alt=\"\" class=\"wp-image-111\" srcset=\"https:\/\/avallon-morvan-peche.fr\/wp-content\/uploads\/2019\/01\/DSC_0218-1024x681.jpg 1024w, https:\/\/avallon-morvan-peche.fr\/wp-content\/uploads\/2019\/01\/DSC_0218-300x199.jpg 300w, https:\/\/avallon-morvan-peche.fr\/wp-content\/uploads\/2019\/01\/DSC_0218-768x511.jpg 768w, https:\/\/avallon-morvan-peche.fr\/wp-content\/uploads\/2019\/01\/DSC_0218-655x436.jpg 655w\" sizes=\"(max-width: 1024px) 100vw, 1024px\" \/><figcaption>La Cure \u00e0 son entr\u00e9e dans le d\u00e9partement de l&rsquo;Yonne<\/figcaption><\/figure>\n\n\n\n<h4> <br><strong>La moyenne Cure\ufeff<\/strong> <\/h4>\n\n\n\n<p>Entre le Lac du Crescent et le barrage de Malassis, la Cure\nredevient enfin la superbe rivi\u00e8re qu&rsquo;elle a \u00e9t\u00e9. En effet, depuis le 1 juillet\n2013, le d\u00e9bit minimum r\u00e9serv\u00e9 est pass\u00e9 de 235 l\/s \u00e0 900 l\/s&nbsp;: la\ncapacit\u00e9 d&rsquo;accueil est ainsi d\u00e9cupl\u00e9e. La rivi\u00e8re d&rsquo;une vingtaine de m\u00e8tres de\nlargeur, s&rsquo;\u00e9coule dans une vall\u00e9e bois\u00e9e et tr\u00e8s sauvage, elle offre un\nmagnifique parcours vari\u00e9 et tr\u00e8s riche.<\/p>\n\n\n\n<figure class=\"wp-block-image\"><img loading=\"lazy\" width=\"1024\" height=\"681\" src=\"https:\/\/avallon-morvan-peche.fr\/wp-content\/uploads\/2019\/01\/DSC_0121-1024x681.jpg\" alt=\"\" class=\"wp-image-108\" srcset=\"https:\/\/avallon-morvan-peche.fr\/wp-content\/uploads\/2019\/01\/DSC_0121-1024x681.jpg 1024w, https:\/\/avallon-morvan-peche.fr\/wp-content\/uploads\/2019\/01\/DSC_0121-300x199.jpg 300w, https:\/\/avallon-morvan-peche.fr\/wp-content\/uploads\/2019\/01\/DSC_0121-768x511.jpg 768w, https:\/\/avallon-morvan-peche.fr\/wp-content\/uploads\/2019\/01\/DSC_0121-655x436.jpg 655w\" sizes=\"(max-width: 1024px) 100vw, 1024px\" \/><figcaption>La Cure sous les ponts de Pierre-Perthuis<\/figcaption><\/figure>\n\n\n\n<h4> <br><strong>La basse Cure<\/strong> <\/h4>\n\n\n\n<p>A partir du barrage de Malassis, la Cure devient une belle rivi\u00e8re de plaine. Elle pr\u00e9sente une succession de courants assez vifs, de profondeur moyenne, alternant des secteurs calmes et plus profonds. La truite fario est encore tr\u00e8s pr\u00e9sente sur cette partie o\u00f9 elle c\u00f4toie les poissons blancs (chevesnes, barbeaux, hotus, vairons, goujons, \u2026) et les carnassiers (principalement brochets et perches). A noter que la Cure est class\u00e9e en 2<sup>\u00e8me<\/sup> cat\u00e9gorie \u00e0 l\u2019aval du pont de Blannay, \u00e0 proximit\u00e9 de sa confluence avec le Cousin.<\/p>\n\n\n\n<figure class=\"wp-block-image\"><img loading=\"lazy\" width=\"1024\" height=\"576\" src=\"https:\/\/avallon-morvan-peche.fr\/wp-content\/uploads\/2019\/01\/Cure-Saint-Mor\u00e9-1024x576.jpg\" alt=\"\" class=\"wp-image-104\" srcset=\"https:\/\/avallon-morvan-peche.fr\/wp-content\/uploads\/2019\/01\/Cure-Saint-Mor\u00e9-1024x576.jpg 1024w, https:\/\/avallon-morvan-peche.fr\/wp-content\/uploads\/2019\/01\/Cure-Saint-Mor\u00e9-300x169.jpg 300w, https:\/\/avallon-morvan-peche.fr\/wp-content\/uploads\/2019\/01\/Cure-Saint-Mor\u00e9-768x432.jpg 768w, https:\/\/avallon-morvan-peche.fr\/wp-content\/uploads\/2019\/01\/Cure-Saint-Mor\u00e9-655x368.jpg 655w\" sizes=\"(max-width: 1024px) 100vw, 1024px\" \/><figcaption>La Cure aval class\u00e9e en 2\u00e8me cat\u00e9gorie<\/figcaption><\/figure>\n\n\n\n<h4> <br><strong>L\u2019ombre commun<\/strong><\/h4>\n\n\n\n<p>Plusieurs campagnes d\u2019alevinage en ombres ont \u00e9t\u00e9 effectu\u00e9es\npar l\u2019AAPPMA au cours des derni\u00e8res ann\u00e9es. Afin de nous aider dans l\u2019\u00e9valuation\nde cette action, nous vous remercions de participer au suivi de cette esp\u00e8ce en\nnous signalant vos prises par mail.<\/p>\n\n\n\n<figure class=\"wp-block-image\"><img loading=\"lazy\" width=\"1024\" height=\"768\" src=\"https:\/\/avallon-morvan-peche.fr\/wp-content\/uploads\/2019\/02\/Ombre-du-morvan-1024x768.jpg\" alt=\"\" class=\"wp-image-190\" srcset=\"https:\/\/avallon-morvan-peche.fr\/wp-content\/uploads\/2019\/02\/Ombre-du-morvan-1024x768.jpg 1024w, https:\/\/avallon-morvan-peche.fr\/wp-content\/uploads\/2019\/02\/Ombre-du-morvan-300x225.jpg 300w, https:\/\/avallon-morvan-peche.fr\/wp-content\/uploads\/2019\/02\/Ombre-du-morvan-768x576.jpg 768w, https:\/\/avallon-morvan-peche.fr\/wp-content\/uploads\/2019\/02\/Ombre-du-morvan-655x491.jpg 655w\" sizes=\"(max-width: 1024px) 100vw, 1024px\" \/><figcaption>Ombre du Morvan<\/figcaption><\/figure>\n\n\n\n<h4> <br><strong>Une rivi\u00e8re sportive<\/strong> <\/h4>\n\n\n\n<p>La Cure est une rivi\u00e8re remarquable pour la p\u00eache mais elle attire aussi de nombreux amoureux de cano\u00eb et de kayak. Pour permettre l\u2019exercice des sports nautiques, des l\u00e2chers d\u2019eau sont organis\u00e9s entre Avril et Novembre. Vous pouvez t\u00e9l\u00e9charger le calendrier des l\u00e2chers d&rsquo;eau sur la Cure et le Chalaux ci-dessous.<\/p>\n\n\n\n<div class=\"wp-block-file\"><a href=\"https:\/\/avallon-morvan-peche.fr\/wp-content\/uploads\/2020\/12\/calendrier-l\u00e2chers-Cure-Chalaux-2021-1.pdf\">calendrier-l\u00e2chers-Cure-Chalaux-2021<\/a><a href=\"https:\/\/avallon-morvan-peche.fr\/wp-content\/uploads\/2020\/12\/calendrier-l\u00e2chers-Cure-Chalaux-2021-1.pdf\" class=\"wp-block-file__button\" download>T\u00e9l\u00e9charger<\/a><\/div>\n","protected":false},"excerpt":{"rendered":"<p>La Cure est LA rivi\u00e8re du Morvan. Principal affluent de l\u2019Yonne, elle est longue de 112 kms et prend sa source en amont du lac des Settons sur la commune d\u2019Anost. Rivi\u00e8re aux eaux brunes&#8230;<\/p>\n","protected":false},"author":1,"featured_media":0,"parent":0,"menu_order":0,"comment_status":"closed","ping_status":"closed","template":"","meta":[],"_links":{"self":[{"href":"https:\/\/avallon-morvan-peche.fr\/index.php\/wp-json\/wp\/v2\/pages\/33"}],"collection":[{"href":"https:\/\/avallon-morvan-peche.fr\/index.php\/wp-json\/wp\/v2\/pages"}],"about":[{"href":"https:\/\/avallon-morvan-peche.fr\/index.php\/wp-json\/wp\/v2\/types\/page"}],"author":[{"embeddable":true,"href":"https:\/\/avallon-morvan-peche.fr\/index.php\/wp-json\/wp\/v2\/users\/1"}],"replies":[{"embeddable":true,"href":"https:\/\/avallon-morvan-peche.fr\/index.php\/wp-json\/wp\/v2\/comments?post=33"}],"version-history":[{"count":25,"href":"https:\/\/avallon-morvan-peche.fr\/index.php\/wp-json\/wp\/v2\/pages\/33\/revisions"}],"predecessor-version":[{"id":523,"href":"https:\/\/avallon-morvan-peche.fr\/index.php\/wp-json\/wp\/v2\/pages\/33\/revisions\/523"}],"wp:attachment":[{"href":"https:\/\/avallon-morvan-peche.fr\/index.php\/wp-json\/wp\/v2\/media?parent=33"}],"curies":[{"name":"wp","href":"https:\/\/api.w.org\/{rel}","templated":true}]}}