{"id":35,"date":"2018-11-23T18:17:33","date_gmt":"2018-11-23T17:17:33","guid":{"rendered":"http:\/\/avallon-morvan-peche.fr\/?page_id=35"},"modified":"2019-01-30T19:24:00","modified_gmt":"2019-01-30T18:24:00","slug":"le-cousin","status":"publish","type":"page","link":"https:\/\/avallon-morvan-peche.fr\/index.php\/le-cousin\/","title":{"rendered":"Le Cousin"},"content":{"rendered":"\n<p>Le Cousin est la rivi\u00e8re embl\u00e9matique de l\u2019Avallonnais qui\npasse au pied d\u2019Avallon. Elle prend sa source dans le Morvan et a la\nparticularit\u00e9 de changer de nom \u00e0 son entr\u00e9e dans notre d\u00e9partement. En effet,\napr\u00e8s sa sortie du Lac de Saint Agnan et jusqu\u2019\u00e0 sa confluence avec la Roman\u00e9e,\nle Cousin s\u2019appelle Trinquelin. Il redevient Cousin par la suite jusqu\u2019\u00e0 sa\nconfluence avec la Cure \u00e0 Blannay. <\/p>\n\n\n\n<figure class=\"wp-block-image\"><img loading=\"lazy\" width=\"1024\" height=\"577\" src=\"https:\/\/avallon-morvan-peche.fr\/wp-content\/uploads\/2019\/01\/IMAG0054-1024x577.jpg\" alt=\"\" class=\"wp-image-133\" srcset=\"https:\/\/avallon-morvan-peche.fr\/wp-content\/uploads\/2019\/01\/IMAG0054-1024x577.jpg 1024w, https:\/\/avallon-morvan-peche.fr\/wp-content\/uploads\/2019\/01\/IMAG0054-300x169.jpg 300w, https:\/\/avallon-morvan-peche.fr\/wp-content\/uploads\/2019\/01\/IMAG0054-768x433.jpg 768w, https:\/\/avallon-morvan-peche.fr\/wp-content\/uploads\/2019\/01\/IMAG0054-655x369.jpg 655w\" sizes=\"(max-width: 1024px) 100vw, 1024px\" \/><figcaption>Truite du Cousin<\/figcaption><\/figure>\n\n\n\n<p>Dans sa partie Trinquelin, c\u2019est une rivi\u00e8re plut\u00f4t rapide\navec quelques lisses, des eaux brunes, acides et peu profonde. Le fond est\nconstitu\u00e9 de sable et de cailloux, parsem\u00e9 de rochers et de caves qui\nconstituent autant de postes pour les truites. Les truites y sont omnipr\u00e9sentes\npour une taille moyenne plus modeste (de 18 \u00e0 25 cm). C\u2019est un secteur id\u00e9al\npour faire de la touche en ne croisant pas grand monde&nbsp;! <\/p>\n\n\n\n<figure class=\"wp-block-image\"><img loading=\"lazy\" width=\"1024\" height=\"768\" src=\"https:\/\/avallon-morvan-peche.fr\/wp-content\/uploads\/2019\/01\/couv-1024x768.jpg\" alt=\"\" class=\"wp-image-131\" srcset=\"https:\/\/avallon-morvan-peche.fr\/wp-content\/uploads\/2019\/01\/couv-1024x768.jpg 1024w, https:\/\/avallon-morvan-peche.fr\/wp-content\/uploads\/2019\/01\/couv-300x225.jpg 300w, https:\/\/avallon-morvan-peche.fr\/wp-content\/uploads\/2019\/01\/couv-768x576.jpg 768w, https:\/\/avallon-morvan-peche.fr\/wp-content\/uploads\/2019\/01\/couv-655x491.jpg 655w, https:\/\/avallon-morvan-peche.fr\/wp-content\/uploads\/2019\/01\/couv.jpg 1600w\" sizes=\"(max-width: 1024px) 100vw, 1024px\" \/><figcaption>Le Cousin dans le secteur de M\u00e9luzien<\/figcaption><\/figure>\n\n\n\n<p>De sa confluence avec la Roman\u00e9e au niveau de Cussy-les-Forges et jusqu\u2019\u00e0 l\u2019entr\u00e9e d\u2019Avallon, le Cousin est une rivi\u00e8re \u00e0 truite de premier ordre. La largeur moyenne est d\u2019une quinzaine de m\u00e8tres avec une alternance de courants rapides, de cascades et de parties plus lentes. Un parcours r\u00e9serv\u00e9 \u00e0 la mouche s&rsquo;\u00e9tend sur 2 km au niveau de Moulin Cadoux, pr\u00e8s de Magny.<\/p>\n\n\n\n<figure class=\"wp-block-image\"><img loading=\"lazy\" width=\"1024\" height=\"681\" src=\"https:\/\/avallon-morvan-peche.fr\/wp-content\/uploads\/2019\/01\/DSC_0174-1024x681.jpg\" alt=\"\" class=\"wp-image-132\" srcset=\"https:\/\/avallon-morvan-peche.fr\/wp-content\/uploads\/2019\/01\/DSC_0174-1024x681.jpg 1024w, https:\/\/avallon-morvan-peche.fr\/wp-content\/uploads\/2019\/01\/DSC_0174-300x199.jpg 300w, https:\/\/avallon-morvan-peche.fr\/wp-content\/uploads\/2019\/01\/DSC_0174-768x511.jpg 768w, https:\/\/avallon-morvan-peche.fr\/wp-content\/uploads\/2019\/01\/DSC_0174-655x436.jpg 655w\" sizes=\"(max-width: 1024px) 100vw, 1024px\" \/><figcaption>Parcours mouche de Moulin Cadoux<\/figcaption><\/figure>\n\n\n\n<p>De l\u2019entr\u00e9e d\u2019Avallon jusqu\u2019\u00e0 la confluence avec la Cure \u00e0\nBlannay, le Cousin s\u2019\u00e9coule dans une vall\u00e9e encaiss\u00e9e de toute beaut\u00e9. C\u2019est un\nsite tr\u00e8s pris\u00e9 des avallonnais et l\u2019acc\u00e8s \u00e0 la rivi\u00e8re est facilit\u00e9. Ici,&nbsp; le fond augmente et le courant ralenti. Si la\ntruite fario est encore tr\u00e8s pr\u00e9sente, les poissons blancs se font plus\npr\u00e9sents.<\/p>\n\n\n\n<figure class=\"wp-block-image\"><img loading=\"lazy\" width=\"1024\" height=\"681\" src=\"https:\/\/avallon-morvan-peche.fr\/wp-content\/uploads\/2019\/01\/pont-des-gardes-1024x681.jpg\" alt=\"\" class=\"wp-image-134\" srcset=\"https:\/\/avallon-morvan-peche.fr\/wp-content\/uploads\/2019\/01\/pont-des-gardes-1024x681.jpg 1024w, https:\/\/avallon-morvan-peche.fr\/wp-content\/uploads\/2019\/01\/pont-des-gardes-300x199.jpg 300w, https:\/\/avallon-morvan-peche.fr\/wp-content\/uploads\/2019\/01\/pont-des-gardes-768x511.jpg 768w, https:\/\/avallon-morvan-peche.fr\/wp-content\/uploads\/2019\/01\/pont-des-gardes-655x436.jpg 655w\" sizes=\"(max-width: 1024px) 100vw, 1024px\" \/><figcaption>Le Pont des Gardes \u00e0 Avallon<\/figcaption><\/figure>\n","protected":false},"excerpt":{"rendered":"<p>Le Cousin est la rivi\u00e8re embl\u00e9matique de l\u2019Avallonnais qui passe au pied d\u2019Avallon. Elle prend sa source dans le Morvan et a la particularit\u00e9 de changer de nom \u00e0 son entr\u00e9e dans notre d\u00e9partement. En&#8230;<\/p>\n","protected":false},"author":1,"featured_media":0,"parent":0,"menu_order":0,"comment_status":"closed","ping_status":"closed","template":"","meta":[],"_links":{"self":[{"href":"https:\/\/avallon-morvan-peche.fr\/index.php\/wp-json\/wp\/v2\/pages\/35"}],"collection":[{"href":"https:\/\/avallon-morvan-peche.fr\/index.php\/wp-json\/wp\/v2\/pages"}],"about":[{"href":"https:\/\/avallon-morvan-peche.fr\/index.php\/wp-json\/wp\/v2\/types\/page"}],"author":[{"embeddable":true,"href":"https:\/\/avallon-morvan-peche.fr\/index.php\/wp-json\/wp\/v2\/users\/1"}],"replies":[{"embeddable":true,"href":"https:\/\/avallon-morvan-peche.fr\/index.php\/wp-json\/wp\/v2\/comments?post=35"}],"version-history":[{"count":2,"href":"https:\/\/avallon-morvan-peche.fr\/index.php\/wp-json\/wp\/v2\/pages\/35\/revisions"}],"predecessor-version":[{"id":135,"href":"https:\/\/avallon-morvan-peche.fr\/index.php\/wp-json\/wp\/v2\/pages\/35\/revisions\/135"}],"wp:attachment":[{"href":"https:\/\/avallon-morvan-peche.fr\/index.php\/wp-json\/wp\/v2\/media?parent=35"}],"curies":[{"name":"wp","href":"https:\/\/api.w.org\/{rel}","templated":true}]}}