{"id":37,"date":"2018-11-23T18:18:06","date_gmt":"2018-11-23T17:18:06","guid":{"rendered":"http:\/\/avallon-morvan-peche.fr\/?page_id=37"},"modified":"2019-02-02T18:04:41","modified_gmt":"2019-02-02T17:04:41","slug":"le-griottier-blanc-reservoir-mouche","status":"publish","type":"page","link":"https:\/\/avallon-morvan-peche.fr\/index.php\/le-griottier-blanc-reservoir-mouche\/","title":{"rendered":"Le Griottier blanc (r\u00e9servoir mouche)"},"content":{"rendered":"\n<p>Le Griottier Blanc est un tr\u00e8s beau plan d\u2019eau d\u2019une\nsuperficie de 8 hectares situ\u00e9 pr\u00e8s de Quarr\u00e9-les-Tombes, au milieu du massif\nde la for\u00eat au Duc. Il est r\u00e9guli\u00e8rement empoissonn\u00e9 par l\u2019AAPPMA.<\/p>\n\n\n\n<figure class=\"wp-block-image\"><img loading=\"lazy\" width=\"1024\" height=\"681\" src=\"https:\/\/avallon-morvan-peche.fr\/wp-content\/uploads\/2019\/01\/DSC_0025-1024x681.jpg\" alt=\"\" class=\"wp-image-146\" srcset=\"https:\/\/avallon-morvan-peche.fr\/wp-content\/uploads\/2019\/01\/DSC_0025-1024x681.jpg 1024w, https:\/\/avallon-morvan-peche.fr\/wp-content\/uploads\/2019\/01\/DSC_0025-300x199.jpg 300w, https:\/\/avallon-morvan-peche.fr\/wp-content\/uploads\/2019\/01\/DSC_0025-768x511.jpg 768w, https:\/\/avallon-morvan-peche.fr\/wp-content\/uploads\/2019\/01\/DSC_0025-655x436.jpg 655w\" sizes=\"(max-width: 1024px) 100vw, 1024px\" \/><figcaption>Empoissonnement en truites arc-en-ciel durant l&rsquo;hiver 2018<\/figcaption><\/figure>\n\n\n\n<p>Une belle population de salmonid\u00e9s, farios, arcs, de 1 \u00e0 8\nlivres, est parfaitement acclimat\u00e9e et trouve une nourriture abondante. Le\npoisson fourrage est constitu\u00e9 de vairons et de goujons qui abondent dans le\nplan d&rsquo;eau. Les nombreux herbiers grouillent de t\u00e9tards au printemps, les\nfortes retomb\u00e9es de mouches St Marc, la pr\u00e9sence de trichopt\u00e8res et les\nnombreuses \u00e9closions de chironomes rendent la p\u00eache \u00e0 la mouche s\u00e9che tr\u00e8s\nproductive. La partie Ouest est constitu\u00e9e de hauts fonds recouverts d\u2019une\nimportante v\u00e9g\u00e9tation aquatique.<\/p>\n\n\n\n<figure class=\"wp-block-image\"><img loading=\"lazy\" width=\"1024\" height=\"768\" src=\"https:\/\/avallon-morvan-peche.fr\/wp-content\/uploads\/2019\/02\/GRIOTTIER-1024x768.jpg\" alt=\"\" class=\"wp-image-193\" srcset=\"https:\/\/avallon-morvan-peche.fr\/wp-content\/uploads\/2019\/02\/GRIOTTIER-1024x768.jpg 1024w, https:\/\/avallon-morvan-peche.fr\/wp-content\/uploads\/2019\/02\/GRIOTTIER-300x225.jpg 300w, https:\/\/avallon-morvan-peche.fr\/wp-content\/uploads\/2019\/02\/GRIOTTIER-768x576.jpg 768w, https:\/\/avallon-morvan-peche.fr\/wp-content\/uploads\/2019\/02\/GRIOTTIER-655x491.jpg 655w\" sizes=\"(max-width: 1024px) 100vw, 1024px\" \/><figcaption>P\u00eache pour les plus exp\u00e9riment\u00e9s&#8230;<\/figcaption><\/figure>\n\n\n\n<h4> <br>Modes de p\u00eache autoris\u00e9s <\/h4>\n\n\n\n<p>P\u00eache \u00e0 la mouche uniquement. Train de mouches \u00ab\u00a0s\u00e8che,\nnoy\u00e9e, nymphe ou&nbsp;streamer\u00a0\u00bb limit\u00e9 \u00e0 trois hame\u00e7ons simples. Hame\u00e7ons\nsans ardillon (ou parfaitement \u00e9cras\u00e9).<\/p>\n\n\n\n<figure class=\"wp-block-image\"><img loading=\"lazy\" width=\"1024\" height=\"618\" src=\"https:\/\/avallon-morvan-peche.fr\/wp-content\/uploads\/2019\/02\/PLAISIR-024-1024x618.jpg\" alt=\"\" class=\"wp-image-194\" srcset=\"https:\/\/avallon-morvan-peche.fr\/wp-content\/uploads\/2019\/02\/PLAISIR-024-1024x618.jpg 1024w, https:\/\/avallon-morvan-peche.fr\/wp-content\/uploads\/2019\/02\/PLAISIR-024-300x181.jpg 300w, https:\/\/avallon-morvan-peche.fr\/wp-content\/uploads\/2019\/02\/PLAISIR-024-768x463.jpg 768w, https:\/\/avallon-morvan-peche.fr\/wp-content\/uploads\/2019\/02\/PLAISIR-024-655x395.jpg 655w\" sizes=\"(max-width: 1024px) 100vw, 1024px\" \/><figcaption>&#8230; mais aussi pour les plus jeunes !<\/figcaption><\/figure>\n\n\n\n<h4> <br>Taille et nombre de prises <\/h4>\n\n\n\n<p>Chaque p\u00eacheur peut, s&rsquo;il le d\u00e9sire, conserver au maximum deux truites dont une seule de taille sup\u00e9rieure \u00e0 45 cm. Les autres prises doivent \u00eatre remises \u00e0 l&rsquo;eau dans les meilleures conditions si possible sans les sortir de l&rsquo;eau. Utilisation d&rsquo;une \u00e9puisette \u00e0 fines mailles fortement recommand\u00e9e.<br>ATTENTION&nbsp;:&nbsp;Chaque poisson conserv\u00e9 doit \u00eatre imm\u00e9diatement tu\u00e9. Le p\u00eacheur ayant gard\u00e9 son quota de prises doit imm\u00e9diatement cesser de p\u00eacher.<br> <br> <\/p>\n\n\n\n<h4> <br>R\u00e8gles g\u00e9n\u00e9rales <\/h4>\n\n\n\n<p>La p\u00eache est interdite dans la partie Est (petite partie)\nqui constitue une r\u00e9serve ornithologique. La p\u00eache est uniquement autoris\u00e9e\ndepuis le bord.<\/p>\n","protected":false},"excerpt":{"rendered":"<p>Le Griottier Blanc est un tr\u00e8s beau plan d\u2019eau d\u2019une superficie de 8 hectares situ\u00e9 pr\u00e8s de Quarr\u00e9-les-Tombes, au milieu du massif de la for\u00eat au Duc. Il est r\u00e9guli\u00e8rement empoissonn\u00e9 par l\u2019AAPPMA. Une belle&#8230;<\/p>\n","protected":false},"author":1,"featured_media":0,"parent":0,"menu_order":0,"comment_status":"closed","ping_status":"closed","template":"","meta":[],"_links":{"self":[{"href":"https:\/\/avallon-morvan-peche.fr\/index.php\/wp-json\/wp\/v2\/pages\/37"}],"collection":[{"href":"https:\/\/avallon-morvan-peche.fr\/index.php\/wp-json\/wp\/v2\/pages"}],"about":[{"href":"https:\/\/avallon-morvan-peche.fr\/index.php\/wp-json\/wp\/v2\/types\/page"}],"author":[{"embeddable":true,"href":"https:\/\/avallon-morvan-peche.fr\/index.php\/wp-json\/wp\/v2\/users\/1"}],"replies":[{"embeddable":true,"href":"https:\/\/avallon-morvan-peche.fr\/index.php\/wp-json\/wp\/v2\/comments?post=37"}],"version-history":[{"count":3,"href":"https:\/\/avallon-morvan-peche.fr\/index.php\/wp-json\/wp\/v2\/pages\/37\/revisions"}],"predecessor-version":[{"id":195,"href":"https:\/\/avallon-morvan-peche.fr\/index.php\/wp-json\/wp\/v2\/pages\/37\/revisions\/195"}],"wp:attachment":[{"href":"https:\/\/avallon-morvan-peche.fr\/index.php\/wp-json\/wp\/v2\/media?parent=37"}],"curies":[{"name":"wp","href":"https:\/\/api.w.org\/{rel}","templated":true}]}}